{"id":100750,"date":"2023-12-21T09:25:16","date_gmt":"2023-12-21T12:25:16","guid":{"rendered":"https:\/\/acuerdosalarpuntasnegras.cl\/?page_id=100750"},"modified":"2024-03-27T10:26:19","modified_gmt":"2024-03-27T13:26:19","slug":"conoce-el-salar-de-puntas-negras","status":"publish","type":"page","link":"https:\/\/acuerdosalarpuntasnegras.cl\/index.php\/conoce-el-salar-de-puntas-negras\/","title":{"rendered":"Conoce el Salar de Puntas Negras"},"content":{"rendered":"<p>[et_pb_section fb_built=\u00bb1&#8243; _builder_version=\u00bb4.23.1&#8243; _module_preset=\u00bbdefault\u00bb locked=\u00bboff\u00bb global_colors_info=\u00bb{}\u00bb][et_pb_row column_structure=\u00bb1_2,1_2&#8243; make_equal=\u00bbon\u00bb _builder_version=\u00bb4.23.1&#8243; _module_preset=\u00bbdefault\u00bb custom_padding=\u00bb||3px|||\u00bb global_colors_info=\u00bb{}\u00bb][et_pb_column type=\u00bb1_2&#8243; _builder_version=\u00bb4.23.1&#8243; _module_preset=\u00bbdefault\u00bb global_colors_info=\u00bb{}\u00bb][et_pb_text _builder_version=\u00bb4.23.4&#8243; _module_preset=\u00bbdefault\u00bb header_font=\u00bb|600|||||||\u00bb header_2_font=\u00bb|700|||||||\u00bb header_2_text_color=\u00bb#816255&#8243; global_colors_info=\u00bb{}\u00bb]<\/p>\n<h2><strong>Salar de Puntas Negras<\/strong><\/h2>\n<p>[\/et_pb_text][et_pb_text _builder_version=\u00bb4.24.2&#8243; _module_preset=\u00bbdefault\u00bb text_line_height=\u00bb1.8em\u00bb text_orientation=\u00bbjustified\u00bb custom_margin=\u00bb||||false|false\u00bb hover_enabled=\u00bb0&#8243; global_colors_info=\u00bb{}\u00bb sticky_enabled=\u00bb0&#8243;]<\/p>\n<p style=\"text-align: justify;\"><span style=\"color: #666666;\">La Subsubcuenca del Salar de Puntas Negras (SSC-SPN) se ubica en la regi\u00f3n de Antofagasta, entre la Cordillera de Domeyko y la Cordillera de los Andes, al sur del Salar de Atacama. Esta Subsubcuenca se caracteriza por tener grandes atributos morfol\u00f3gicos, climatol\u00f3gicos y geol\u00f3gicos, destacando las zonas de Vega- Canal y Laguna (VCL) VCL 1, VCL2, VCL 3 y VCL4, adem\u00e1s de Vega 3.<\/span><\/p>\n<p style=\"text-align: justify;\"><span style=\"color: #666666;\">Para llegar al Salar de Puntas Negras se debe tomar la ruta que nace en el sector de La Negra hasta empalmar con la ruta B-55, camino internacional que se dirige hasta Socompa y que une a Chile con Argentina.<\/span><\/p>\n<p>[\/et_pb_text][et_pb_image src=\u00bbhttps:\/\/acuerdosalarpuntasnegras.cl\/wp-content\/uploads\/2024\/01\/SFW_Conoce-El-Salar-de-Puntas-Negras-02.jpeg\u00bb title_text=\u00bbSFW_Conoce-El-Salar-de-Puntas-Negras-02&#8243; force_fullwidth=\u00bbon\u00bb disabled_on=\u00bboff|off|off\u00bb _builder_version=\u00bb4.23.4&#8243; _module_preset=\u00bbdefault\u00bb global_colors_info=\u00bb{}\u00bb][\/et_pb_image][\/et_pb_column][et_pb_column type=\u00bb1_2&#8243; _builder_version=\u00bb4.23.1&#8243; _module_preset=\u00bbdefault\u00bb global_colors_info=\u00bb{}\u00bb][et_pb_image src=\u00bbhttps:\/\/acuerdosalarpuntasnegras.cl\/wp-content\/uploads\/2024\/01\/SFW_conoce-el-salar-01.jpeg\u00bb title_text=\u00bbSFW_conoce-el-salar-01&#8243; force_fullwidth=\u00bbon\u00bb _builder_version=\u00bb4.23.4&#8243; _module_preset=\u00bbdefault\u00bb custom_padding=\u00bb50px||25px||false|false\u00bb global_colors_info=\u00bb{}\u00bb][\/et_pb_image][et_pb_text _builder_version=\u00bb4.23.4&#8243; _module_preset=\u00bbdefault\u00bb text_line_height=\u00bb1.8em\u00bb text_orientation=\u00bbjustified\u00bb min_height=\u00bb402.8px\u00bb custom_margin=\u00bb||||false|false\u00bb custom_padding=\u00bb9px|||||\u00bb hover_enabled=\u00bb0&#8243; global_colors_info=\u00bb{}\u00bb sticky_enabled=\u00bb0&#8243;]<\/p>\n<p style=\"text-align: justify;\">La red de drenaje del SPN est\u00e1 representada por las quebradas Zorra, Zorrita, El Salto, Cachiyuyo, Llullaillaco, De La Barda, Tocomar y Barrancas Blancas, entre otras, cuyas aguas se infiltran en los dep\u00f3sitos aluviales dispuestos en el Borde Este del salar. Desde el sur ingresan las aguas del r\u00edo Fr\u00edo, que tambi\u00e9n se infiltran en estos dep\u00f3sitos, los cuales contienen importantes acu\u00edferos de la cuenca.<\/p>\n<p style=\"text-align: justify;\">Seg\u00fan datos de la Direcci\u00f3n General de Aguas (DGA), el acu\u00edfero del Salar de Punta Negra y el acu\u00edfero del Salar de Imilac se encuentran conectados y corresponden a un mismo acu\u00edfero, con una superficie aproximada de 2.201 km2.<\/p>\n<p style=\"text-align: justify;\">Entre los h\u00e1bitats presentes en el salar destacan bofedales y manantiales, que en conjunto con las lagunas del salar son los m\u00e1s importantes h\u00e1bitats, no solo para la reproducci\u00f3n de especies de flamencos y rutas de vicu\u00f1as presentes en el lugar, sino que para organismos extrem\u00f3filos \u00fanicos del desierto.<\/p>\n<p>[\/et_pb_text][\/et_pb_column][\/et_pb_row][et_pb_row _builder_version=\u00bb4.23.2&#8243; _module_preset=\u00bbdefault\u00bb custom_padding=\u00bb11px|||||\u00bb global_colors_info=\u00bb{}\u00bb][et_pb_column type=\u00bb4_4&#8243; _builder_version=\u00bb4.23.2&#8243; _module_preset=\u00bbdefault\u00bb global_colors_info=\u00bb{}\u00bb][et_pb_text _builder_version=\u00bb4.23.4&#8243; _module_preset=\u00bbdefault\u00bb text_line_height=\u00bb2em\u00bb header_4_line_height=\u00bb1.8em\u00bb custom_margin=\u00bb16px||||false|false\u00bb custom_padding=\u00bb|10px||10px|false|true\u00bb border_width_right=\u00bb5px\u00bb border_color_right=\u00bb#816255&#8243; border_width_left=\u00bb5px\u00bb border_color_left=\u00bb#816255&#8243; global_colors_info=\u00bb{}\u00bb]<\/p>\n<h4 style=\"text-align: center;\"><em>Los Ecosistemas Microbianos Extrem\u00f3filos (EME) presentes en el Salar de Puntas Negras se consideran en jerarqu\u00eda de importancia, ya que pueden vivir en condiciones extremas y representan un ecosistema particular y muy vulnerable.<\/em><\/h4>\n<p>[\/et_pb_text][et_pb_code _builder_version=\u00bb4.23.2&#8243; _module_preset=\u00bbdefault\u00bb global_colors_info=\u00bb{}\u00bb]<iframe src=\"https:\/\/www.google.com\/maps\/embed?pb=!1m18!1m12!1m3!1d928806.0286354871!2d-69.62816758488717!3d-24.584069074132728!2m3!1f0!2f0!3f0!3m2!1i1024!2i768!4f13.1!3m3!1m2!1s0x96a5dee9ccce649f%3A0xc4e5634ad23af072!2sSalar%20Punta%20Negra!5e0!3m2!1ses-419!2scl!4v1703161484778!5m2!1ses-419!2scl\" width=\"100%\" height=\"450\" style=\"border:0;\" allowfullscreen=\"\" loading=\"lazy\" referrerpolicy=\"no-referrer-when-downgrade\"><\/iframe>[\/et_pb_code][\/et_pb_column][\/et_pb_row][\/et_pb_section]<\/p>\n","protected":false},"excerpt":{"rendered":"<p>Salar de Puntas NegrasLa Subsubcuenca del Salar de Puntas Negras (SSC-SPN) se ubica en la regi\u00f3n de Antofagasta, entre la Cordillera de Domeyko y la Cordillera de los Andes, al sur del Salar de Atacama. Esta Subsubcuenca se caracteriza por tener grandes atributos morfol\u00f3gicos, climatol\u00f3gicos y geol\u00f3gicos, destacando las zonas de Vega- Canal y Laguna [&hellip;]<\/p>\n","protected":false},"author":1,"featured_media":0,"parent":0,"menu_order":0,"comment_status":"closed","ping_status":"closed","template":"","meta":{"_et_pb_use_builder":"on","_et_pb_old_content":"","_et_gb_content_width":"","footnotes":""},"class_list":["post-100750","page","type-page","status-publish","hentry"],"_links":{"self":[{"href":"https:\/\/acuerdosalarpuntasnegras.cl\/index.php\/wp-json\/wp\/v2\/pages\/100750","targetHints":{"allow":["GET"]}}],"collection":[{"href":"https:\/\/acuerdosalarpuntasnegras.cl\/index.php\/wp-json\/wp\/v2\/pages"}],"about":[{"href":"https:\/\/acuerdosalarpuntasnegras.cl\/index.php\/wp-json\/wp\/v2\/types\/page"}],"author":[{"embeddable":true,"href":"https:\/\/acuerdosalarpuntasnegras.cl\/index.php\/wp-json\/wp\/v2\/users\/1"}],"replies":[{"embeddable":true,"href":"https:\/\/acuerdosalarpuntasnegras.cl\/index.php\/wp-json\/wp\/v2\/comments?post=100750"}],"version-history":[{"count":5,"href":"https:\/\/acuerdosalarpuntasnegras.cl\/index.php\/wp-json\/wp\/v2\/pages\/100750\/revisions"}],"predecessor-version":[{"id":225625,"href":"https:\/\/acuerdosalarpuntasnegras.cl\/index.php\/wp-json\/wp\/v2\/pages\/100750\/revisions\/225625"}],"wp:attachment":[{"href":"https:\/\/acuerdosalarpuntasnegras.cl\/index.php\/wp-json\/wp\/v2\/media?parent=100750"}],"curies":[{"name":"wp","href":"https:\/\/api.w.org\/{rel}","templated":true}]}}