{"id":100105,"date":"2023-11-16T20:18:44","date_gmt":"2023-11-16T23:18:44","guid":{"rendered":"https:\/\/acuerdosalarpuntasnegras.cl\/?page_id=100105"},"modified":"2024-03-27T10:28:21","modified_gmt":"2024-03-27T13:28:21","slug":"acuerdo-conciliatorio-salar-de-puntas-negras","status":"publish","type":"page","link":"https:\/\/acuerdosalarpuntasnegras.cl\/index.php\/acuerdo-conciliatorio-salar-de-puntas-negras\/","title":{"rendered":"Acuerdo conciliatorio SPN"},"content":{"rendered":"<p>[et_pb_section fb_built=\u00bb1&#8243; _builder_version=\u00bb4.23.1&#8243; _module_preset=\u00bbdefault\u00bb global_colors_info=\u00bb{}\u00bb][et_pb_row column_structure=\u00bb1_2,1_2&#8243; _builder_version=\u00bb4.23.1&#8243; _module_preset=\u00bbdefault\u00bb locked=\u00bboff\u00bb global_colors_info=\u00bb{}\u00bb][et_pb_column type=\u00bb1_2&#8243; _builder_version=\u00bb4.23.1&#8243; _module_preset=\u00bbdefault\u00bb global_colors_info=\u00bb{}\u00bb][et_pb_text _builder_version=\u00bb4.23.4&#8243; _module_preset=\u00bbdefault\u00bb header_font=\u00bb|600|||||||\u00bb header_2_font=\u00bb|700|||||||\u00bb header_2_text_color=\u00bb#974431&#8243; global_colors_info=\u00bb{}\u00bb]<\/p>\n<h2>Acuerdo Conciliatorio Subsubcuenca Salar de Puntas Negras<\/h2>\n<p>[\/et_pb_text][et_pb_text _builder_version=\u00bb4.23.4&#8243; _module_preset=\u00bbdefault\u00bb text_line_height=\u00bb1.8em\u00bb text_orientation=\u00bbjustified\u00bb global_colors_info=\u00bb{}\u00bb]<\/p>\n<p>El Acuerdo Conciliatorio Subsubcuenca Salar de Puntas Negras (SSC-SPN) contempla 19 medidas de gesti\u00f3n socioambiental, reparaci\u00f3n y compensaci\u00f3n ambiental, con el principal objetivo de restaurar, compensar y mantener los m\u00faltiples servicios ecosist\u00e9micos presentes y la protecci\u00f3n a la vegetaci\u00f3n y fauna de este territorio.<\/p>\n<p>Este plan parti\u00f3 con las principales medidas de diagn\u00f3sticos y estudios cient\u00edficos que permitir\u00e1n aportar un an\u00e1lisis de la condici\u00f3n actual en la que se encuentra el territorio y tras obtener los resultados de estas investigaciones se establecer\u00e1 un plan de manejo ambiental que proporcionar\u00e1 informaci\u00f3n relevante para la recuperaci\u00f3n del salar o guiar las acciones que se deben llevar a cabo para su recomposici\u00f3n.<\/p>\n<p>[\/et_pb_text][\/et_pb_column][et_pb_column type=\u00bb1_2&#8243; _builder_version=\u00bb4.23.1&#8243; _module_preset=\u00bbdefault\u00bb global_colors_info=\u00bb{}\u00bb][et_pb_image src=\u00bbhttps:\/\/acuerdosalarpuntasnegras.cl\/wp-content\/uploads\/2024\/01\/SFW_Acuerdo-Conciliatorio.jpeg\u00bb title_text=\u00bbSFW_Acuerdo-Conciliatorio\u00bb _builder_version=\u00bb4.23.4&#8243; _module_preset=\u00bbdefault\u00bb global_colors_info=\u00bb{}\u00bb][\/et_pb_image][\/et_pb_column][\/et_pb_row][et_pb_row column_structure=\u00bb1_5,3_5,1_5&#8243; _builder_version=\u00bb4.24.2&#8243; _module_preset=\u00bbdefault\u00bb global_colors_info=\u00bb{}\u00bb][et_pb_column type=\u00bb1_5&#8243; _builder_version=\u00bb4.24.2&#8243; _module_preset=\u00bbdefault\u00bb global_colors_info=\u00bb{}\u00bb][\/et_pb_column][et_pb_column type=\u00bb3_5&#8243; _builder_version=\u00bb4.24.2&#8243; _module_preset=\u00bbdefault\u00bb global_colors_info=\u00bb{}\u00bb][et_pb_text _builder_version=\u00bb4.24.2&#8243; _module_preset=\u00bbdefault\u00bb global_colors_info=\u00bb{}\u00bb]<\/p>\n<h2 style=\"text-align: center;\"><span style=\"color: #974431;\"><strong>Conoce el Acuerdo de Conciliaci\u00f3n Subsubcuenca Salar de Puntas Negras<\/strong><\/span><\/h2>\n<p>[\/et_pb_text][et_pb_code _builder_version=\u00bb4.24.2&#8243; _module_preset=\u00bbdefault\u00bb global_colors_info=\u00bb{}\u00bb]<a href=\"https:\/\/acuerdosalarpuntasnegras.cl\/wp-content\/uploads\/2024\/03\/Acta_conciliacion_D-6-2020_26052021.pdf\" class=\"pdfemb-viewer\" style=\"\" data-width=\"max\" data-height=\"max\" data-toolbar=\"bottom\" data-toolbar-fixed=\"off\">Acta_conciliacion_D-6-2020_26052021<\/a>[\/et_pb_code][\/et_pb_column][et_pb_column type=\u00bb1_5&#8243; _builder_version=\u00bb4.24.2&#8243; _module_preset=\u00bbdefault\u00bb global_colors_info=\u00bb{}\u00bb][\/et_pb_column][\/et_pb_row][\/et_pb_section][et_pb_section fb_built=\u00bb1&#8243; disabled_on=\u00bbon|off|off\u00bb _builder_version=\u00bb4.23.4&#8243; _module_preset=\u00bbdefault\u00bb custom_padding=\u00bb15px||2px|||\u00bb locked=\u00bboff\u00bb global_colors_info=\u00bb{}\u00bb][et_pb_row _builder_version=\u00bb4.23.2&#8243; _module_preset=\u00bbdefault\u00bb custom_padding=\u00bb0px||0px||true|false\u00bb global_colors_info=\u00bb{}\u00bb][et_pb_column type=\u00bb4_4&#8243; _builder_version=\u00bb4.23.2&#8243; _module_preset=\u00bbdefault\u00bb global_colors_info=\u00bb{}\u00bb][et_pb_text _builder_version=\u00bb4.24.2&#8243; _module_preset=\u00bbdefault\u00bb header_2_text_color=\u00bb#974431&#8243; header_3_text_color=\u00bb#974431&#8243; text_orientation=\u00bbcenter\u00bb hover_enabled=\u00bb0&#8243; global_colors_info=\u00bb{}\u00bb sticky_enabled=\u00bb0&#8243;]<\/p>\n<h2><span style=\"color: #974431;\">Te presentamos las 19 Medidas del Acuerdo Conciliatorio Subsubcuenca Salar de Puntas Negras<\/span><\/h2>\n<p>[\/et_pb_text][et_pb_image src=\u00bbhttps:\/\/acuerdosalarpuntasnegras.cl\/wp-content\/uploads\/2024\/01\/web-banngestion-100.jpg\u00bb title_text=\u00bbweb-banngestion-100&#8243; url=\u00bb#\u00bb module_class=\u00bbbotoncillo\u00bb _builder_version=\u00bb4.24.0&#8243; _module_preset=\u00bbdefault\u00bb global_colors_info=\u00bb{}\u00bb][\/et_pb_image][et_pb_image src=\u00bbhttps:\/\/acuerdosalarpuntasnegras.cl\/wp-content\/uploads\/2024\/01\/web-gestio\u0301n.jpg\u00bb title_text=\u00bbweb-gestio\u0301n\u00bb module_id=\u00bbmostrar\u00bb _builder_version=\u00bb4.24.0&#8243; _module_preset=\u00bbdefault\u00bb global_colors_info=\u00bb{}\u00bb][\/et_pb_image][et_pb_code _builder_version=\u00bb4.23.2&#8243; _module_preset=\u00bbdefault\u00bb global_colors_info=\u00bb{}\u00bb]<script type=\"text\/javascript\"> <!-- [et_pb_line_break_holder] -->jQuery(document).ready(function() {<!-- [et_pb_line_break_holder] -->\/\/ ocultar el contenido<!-- [et_pb_line_break_holder] -->jQuery('#mostrar').hide();<!-- [et_pb_line_break_holder] -->jQuery('.botoncillo').click(function(e){<!-- [et_pb_line_break_holder] -->e.preventDefault();jQuery(\"#mostrar\").slideToggle();<!-- [et_pb_line_break_holder] -->jQuery('.botoncillo').toggleClass('opened closed');<!-- [et_pb_line_break_holder] -->});<!-- [et_pb_line_break_holder] -->});<!-- [et_pb_line_break_holder] --><\/script>[\/et_pb_code][\/et_pb_column][\/et_pb_row][et_pb_row _builder_version=\u00bb4.23.2&#8243; _module_preset=\u00bbdefault\u00bb custom_padding=\u00bb0px||0px||true|false\u00bb global_colors_info=\u00bb{}\u00bb][et_pb_column type=\u00bb4_4&#8243; _builder_version=\u00bb4.23.2&#8243; _module_preset=\u00bbdefault\u00bb global_colors_info=\u00bb{}\u00bb][et_pb_image src=\u00bbhttps:\/\/acuerdosalarpuntasnegras.cl\/wp-content\/uploads\/2024\/01\/web-banncompensa-100.jpg\u00bb title_text=\u00bbweb-banncompensa-100&#8243; url=\u00bb#\u00bb module_class=\u00bbbotoncillo-1&#8243; _builder_version=\u00bb4.24.0&#8243; _module_preset=\u00bbdefault\u00bb global_colors_info=\u00bb{}\u00bb][\/et_pb_image][et_pb_image src=\u00bbhttps:\/\/acuerdosalarpuntasnegras.cl\/wp-content\/uploads\/2024\/01\/web-compensacion.jpg\u00bb title_text=\u00bbweb-compensacion\u00bb module_id=\u00bbmostrar-1&#8243; _builder_version=\u00bb4.24.0&#8243; _module_preset=\u00bbdefault\u00bb global_colors_info=\u00bb{}\u00bb][\/et_pb_image][et_pb_code _builder_version=\u00bb4.23.2&#8243; _module_preset=\u00bbdefault\u00bb global_colors_info=\u00bb{}\u00bb]<script type=\"text\/javascript\"> <!-- [et_pb_line_break_holder] -->jQuery(document).ready(function() {<!-- [et_pb_line_break_holder] -->\/\/ ocultar el contenido<!-- [et_pb_line_break_holder] -->jQuery('#mostrar-1').hide();<!-- [et_pb_line_break_holder] -->jQuery('.botoncillo-1').click(function(e){<!-- [et_pb_line_break_holder] -->e.preventDefault();jQuery(\"#mostrar-1\").slideToggle();<!-- [et_pb_line_break_holder] -->jQuery('.botoncillo-1').toggleClass('opened closed');<!-- [et_pb_line_break_holder] -->});<!-- [et_pb_line_break_holder] -->});<!-- [et_pb_line_break_holder] --><\/script>[\/et_pb_code][\/et_pb_column][\/et_pb_row][et_pb_row _builder_version=\u00bb4.23.2&#8243; _module_preset=\u00bbdefault\u00bb custom_padding=\u00bb0px||0px||true|false\u00bb global_colors_info=\u00bb{}\u00bb][et_pb_column type=\u00bb4_4&#8243; _builder_version=\u00bb4.23.2&#8243; _module_preset=\u00bbdefault\u00bb global_colors_info=\u00bb{}\u00bb][et_pb_image src=\u00bbhttps:\/\/acuerdosalarpuntasnegras.cl\/wp-content\/uploads\/2024\/01\/web-bannrepara-100.jpg\u00bb title_text=\u00bbweb-bannrepara-100&#8243; url=\u00bb#\u00bb module_class=\u00bbbotoncillo-2&#8243; _builder_version=\u00bb4.24.0&#8243; _module_preset=\u00bbdefault\u00bb global_colors_info=\u00bb{}\u00bb][\/et_pb_image][et_pb_image src=\u00bbhttps:\/\/acuerdosalarpuntasnegras.cl\/wp-content\/uploads\/2024\/01\/web-reparacion.jpg\u00bb title_text=\u00bbweb-reparacion\u00bb module_id=\u00bbmostrar-2&#8243; _builder_version=\u00bb4.24.0&#8243; _module_preset=\u00bbdefault\u00bb global_colors_info=\u00bb{}\u00bb][\/et_pb_image][et_pb_code _builder_version=\u00bb4.23.2&#8243; _module_preset=\u00bbdefault\u00bb global_colors_info=\u00bb{}\u00bb]<script type=\"text\/javascript\"> <!-- [et_pb_line_break_holder] -->jQuery(document).ready(function() {<!-- [et_pb_line_break_holder] -->\/\/ ocultar el contenido<!-- [et_pb_line_break_holder] -->jQuery('#mostrar-2').hide();<!-- [et_pb_line_break_holder] -->jQuery('.botoncillo-2').click(function(e){<!-- [et_pb_line_break_holder] -->e.preventDefault();jQuery(\"#mostrar-2\").slideToggle();<!-- [et_pb_line_break_holder] -->jQuery('.botoncillo-2').toggleClass('opened closed');<!-- [et_pb_line_break_holder] -->});<!-- [et_pb_line_break_holder] -->});<!-- [et_pb_line_break_holder] --><\/script>[\/et_pb_code][\/et_pb_column][\/et_pb_row][\/et_pb_section][et_pb_section fb_built=\u00bb1&#8243; disabled_on=\u00bboff|on|on\u00bb admin_label=\u00bbacordeon movil\u00bb _builder_version=\u00bb4.23.4&#8243; _module_preset=\u00bbdefault\u00bb custom_padding=\u00bb15px||2px|||\u00bb locked=\u00bboff\u00bb global_colors_info=\u00bb{}\u00bb][et_pb_row _builder_version=\u00bb4.23.2&#8243; _module_preset=\u00bbdefault\u00bb custom_padding=\u00bb0px||0px||true|false\u00bb global_colors_info=\u00bb{}\u00bb][et_pb_column type=\u00bb4_4&#8243; _builder_version=\u00bb4.23.2&#8243; _module_preset=\u00bbdefault\u00bb global_colors_info=\u00bb{}\u00bb][et_pb_text _builder_version=\u00bb4.23.4&#8243; _module_preset=\u00bbdefault\u00bb header_2_text_color=\u00bb#974431&#8243; header_3_text_color=\u00bb#974431&#8243; text_orientation=\u00bbcenter\u00bb global_colors_info=\u00bb{}\u00bb]<\/p>\n<h2><strong>Te presentamos las 19 medidas del Acuerdo Conciliatorio Salar de Puntas Negras<\/strong><\/h2>\n<p>[\/et_pb_text][et_pb_image src=\u00bbhttps:\/\/acuerdosalarpuntasnegras.cl\/wp-content\/uploads\/2024\/01\/mov-banngestion-100.jpg\u00bb title_text=\u00bbmov-banngestion-100&#8243; url=\u00bb#\u00bb module_class=\u00bbbotonmov-1&#8243; _builder_version=\u00bb4.24.0&#8243; _module_preset=\u00bbdefault\u00bb global_colors_info=\u00bb{}\u00bb][\/et_pb_image][et_pb_image src=\u00bbhttps:\/\/acuerdosalarpuntasnegras.cl\/wp-content\/uploads\/2024\/01\/mov-gestio\u0301n.jpg\u00bb title_text=\u00bbmov-gestio\u0301n\u00bb force_fullwidth=\u00bbon\u00bb module_id=\u00bbmostrar-mov1&#8243; _builder_version=\u00bb4.24.0&#8243; _module_preset=\u00bbdefault\u00bb global_colors_info=\u00bb{}\u00bb][\/et_pb_image][et_pb_code _builder_version=\u00bb4.23.4&#8243; _module_preset=\u00bbdefault\u00bb global_colors_info=\u00bb{}\u00bb]<script type=\"text\/javascript\"> <!-- [et_pb_line_break_holder] -->jQuery(document).ready(function() {<!-- [et_pb_line_break_holder] -->\/\/ ocultar el contenido<!-- [et_pb_line_break_holder] -->jQuery('#mostrar-mov1').hide();<!-- [et_pb_line_break_holder] -->jQuery('.botonmov-1').click(function(e){<!-- [et_pb_line_break_holder] -->e.preventDefault();jQuery(\"#mostrar-mov1\").slideToggle();<!-- [et_pb_line_break_holder] -->jQuery('.botonmov-1').toggleClass('opened closed');<!-- [et_pb_line_break_holder] -->});<!-- [et_pb_line_break_holder] -->});<!-- [et_pb_line_break_holder] --><\/script>[\/et_pb_code][\/et_pb_column][\/et_pb_row][et_pb_row _builder_version=\u00bb4.23.2&#8243; _module_preset=\u00bbdefault\u00bb custom_padding=\u00bb0px||0px||true|false\u00bb global_colors_info=\u00bb{}\u00bb][et_pb_column type=\u00bb4_4&#8243; _builder_version=\u00bb4.23.2&#8243; _module_preset=\u00bbdefault\u00bb global_colors_info=\u00bb{}\u00bb][et_pb_image src=\u00bbhttps:\/\/acuerdosalarpuntasnegras.cl\/wp-content\/uploads\/2024\/01\/mov-banncompensa-100.jpg\u00bb title_text=\u00bbmov-banncompensa-100&#8243; url=\u00bb#\u00bb module_class=\u00bbbotonmov-2&#8243; _builder_version=\u00bb4.24.0&#8243; _module_preset=\u00bbdefault\u00bb global_colors_info=\u00bb{}\u00bb][\/et_pb_image][et_pb_image src=\u00bbhttps:\/\/acuerdosalarpuntasnegras.cl\/wp-content\/uploads\/2024\/01\/mov-compensacion-scaled.jpg\u00bb title_text=\u00bbmov-compensacion\u00bb force_fullwidth=\u00bbon\u00bb module_id=\u00bbmostrar-mov2&#8243; _builder_version=\u00bb4.24.0&#8243; _module_preset=\u00bbdefault\u00bb global_colors_info=\u00bb{}\u00bb][\/et_pb_image][et_pb_code _builder_version=\u00bb4.23.4&#8243; _module_preset=\u00bbdefault\u00bb global_colors_info=\u00bb{}\u00bb]<script type=\"text\/javascript\"> <!-- [et_pb_line_break_holder] -->jQuery(document).ready(function() {<!-- [et_pb_line_break_holder] -->\/\/ ocultar el contenido<!-- [et_pb_line_break_holder] -->jQuery('#mostrar-mov2').hide();<!-- [et_pb_line_break_holder] -->jQuery('.botonmov-2').click(function(e){<!-- [et_pb_line_break_holder] -->e.preventDefault();jQuery(\"#mostrar-mov2\").slideToggle();<!-- [et_pb_line_break_holder] -->jQuery('.botonmov-2').toggleClass('opened closed');<!-- [et_pb_line_break_holder] -->});<!-- [et_pb_line_break_holder] -->});<!-- [et_pb_line_break_holder] --><\/script>[\/et_pb_code][\/et_pb_column][\/et_pb_row][et_pb_row _builder_version=\u00bb4.23.2&#8243; _module_preset=\u00bbdefault\u00bb custom_padding=\u00bb0px||0px||true|false\u00bb global_colors_info=\u00bb{}\u00bb][et_pb_column type=\u00bb4_4&#8243; _builder_version=\u00bb4.23.2&#8243; _module_preset=\u00bbdefault\u00bb global_colors_info=\u00bb{}\u00bb][et_pb_image src=\u00bbhttps:\/\/acuerdosalarpuntasnegras.cl\/wp-content\/uploads\/2024\/01\/mov-bannrepara-100.jpg\u00bb title_text=\u00bbmov-bannrepara-100&#8243; url=\u00bb#\u00bb module_class=\u00bbbotonmov-3&#8243; _builder_version=\u00bb4.24.0&#8243; _module_preset=\u00bbdefault\u00bb global_colors_info=\u00bb{}\u00bb][\/et_pb_image][et_pb_image src=\u00bbhttps:\/\/acuerdosalarpuntasnegras.cl\/wp-content\/uploads\/2024\/01\/mov-reparacion-scaled.jpg\u00bb title_text=\u00bbmov-reparacion\u00bb force_fullwidth=\u00bbon\u00bb module_id=\u00bbmostrar-mov3&#8243; _builder_version=\u00bb4.24.0&#8243; _module_preset=\u00bbdefault\u00bb global_colors_info=\u00bb{}\u00bb][\/et_pb_image][et_pb_code _builder_version=\u00bb4.23.4&#8243; _module_preset=\u00bbdefault\u00bb global_colors_info=\u00bb{}\u00bb]<script type=\"text\/javascript\"> <!-- [et_pb_line_break_holder] -->jQuery(document).ready(function() {<!-- [et_pb_line_break_holder] -->\/\/ ocultar el contenido<!-- [et_pb_line_break_holder] -->jQuery('#mostrar-mov3').hide();<!-- [et_pb_line_break_holder] -->jQuery('.botonmov-3').click(function(e){<!-- [et_pb_line_break_holder] -->e.preventDefault();jQuery(\"#mostrar-mov3\").slideToggle();<!-- [et_pb_line_break_holder] -->jQuery('.botonmov-3').toggleClass('opened closed');<!-- [et_pb_line_break_holder] -->});<!-- [et_pb_line_break_holder] -->});<!-- [et_pb_line_break_holder] --><\/script>[\/et_pb_code][\/et_pb_column][\/et_pb_row][\/et_pb_section][et_pb_section fb_built=\u00bb1&#8243; _builder_version=\u00bb4.23.2&#8243; _module_preset=\u00bbdefault\u00bb custom_padding=\u00bb4px|||||\u00bb global_colors_info=\u00bb{}\u00bb][et_pb_row column_structure=\u00bb1_5,1_5,1_5,1_5,1_5&#8243; module_class=\u00bbdc-carousel\u00bb _builder_version=\u00bb4.23.2&#8243; _module_preset=\u00bbdefault\u00bb global_colors_info=\u00bb{}\u00bb][et_pb_column type=\u00bb1_5&#8243; _builder_version=\u00bb4.23.1&#8243; _module_preset=\u00bbdefault\u00bb global_colors_info=\u00bb{}\u00bb][et_pb_image src=\u00bbhttps:\/\/acuerdosalarpuntasnegras.cl\/wp-content\/uploads\/2023\/11\/Surmedia-100-2.jpg\u00bb title_text=\u00bbSurmedia-100&#8243; url=\u00bbhttps:\/\/www.surmedia.cl\/\u00bb url_new_window=\u00bbon\u00bb _builder_version=\u00bb4.23.4&#8243; _module_preset=\u00bbdefault\u00bb global_colors_info=\u00bb{}\u00bb][\/et_pb_image][\/et_pb_column][et_pb_column type=\u00bb1_5&#8243; _builder_version=\u00bb4.23.1&#8243; _module_preset=\u00bbdefault\u00bb global_colors_info=\u00bb{}\u00bb][et_pb_image src=\u00bbhttps:\/\/acuerdosalarpuntasnegras.cl\/wp-content\/uploads\/2023\/11\/CEDREM-100-1.jpg\u00bb title_text=\u00bbCEDREM-100&#8243; url=\u00bbhttps:\/\/www.cedrem.cl\/\u00bb url_new_window=\u00bbon\u00bb _builder_version=\u00bb4.23.4&#8243; _module_preset=\u00bbdefault\u00bb global_colors_info=\u00bb{}\u00bb][\/et_pb_image][\/et_pb_column][et_pb_column type=\u00bb1_5&#8243; _builder_version=\u00bb4.23.1&#8243; _module_preset=\u00bbdefault\u00bb global_colors_info=\u00bb{}\u00bb][et_pb_image src=\u00bbhttps:\/\/acuerdosalarpuntasnegras.cl\/wp-content\/uploads\/2023\/11\/IEB-100.jpg\u00bb title_text=\u00bbIEB-100&#8243; url=\u00bbhttps:\/\/ieb-chile.cl\/\u00bb url_new_window=\u00bbon\u00bb _builder_version=\u00bb4.23.4&#8243; _module_preset=\u00bbdefault\u00bb global_colors_info=\u00bb{}\u00bb][\/et_pb_image][\/et_pb_column][et_pb_column type=\u00bb1_5&#8243; _builder_version=\u00bb4.23.1&#8243; _module_preset=\u00bbdefault\u00bb global_colors_info=\u00bb{}\u00bb][et_pb_image src=\u00bbhttps:\/\/acuerdosalarpuntasnegras.cl\/wp-content\/uploads\/2023\/11\/conati-100.jpg\u00bb title_text=\u00bbconati-100&#8243; url_new_window=\u00bbon\u00bb _builder_version=\u00bb4.24.2&#8243; _module_preset=\u00bbdefault\u00bb global_colors_info=\u00bb{}\u00bb][\/et_pb_image][\/et_pb_column][et_pb_column type=\u00bb1_5&#8243; _builder_version=\u00bb4.23.1&#8243; _module_preset=\u00bbdefault\u00bb global_colors_info=\u00bb{}\u00bb][et_pb_image src=\u00bbhttps:\/\/acuerdosalarpuntasnegras.cl\/wp-content\/uploads\/2023\/11\/comunidad-100.jpg\u00bb title_text=\u00bbcomunidad-100&#8243; _builder_version=\u00bb4.23.1&#8243; _module_preset=\u00bbdefault\u00bb global_colors_info=\u00bb{}\u00bb][\/et_pb_image][\/et_pb_column][\/et_pb_row][\/et_pb_section]<\/p>\n","protected":false},"excerpt":{"rendered":"<p>Acuerdo Conciliatorio Subsubcuenca Salar de Puntas NegrasEl Acuerdo Conciliatorio Subsubcuenca Salar de Puntas Negras (SSC-SPN) contempla 19 medidas de gesti\u00f3n socioambiental, reparaci\u00f3n y compensaci\u00f3n ambiental, con el principal objetivo de restaurar, compensar y mantener los m\u00faltiples servicios ecosist\u00e9micos presentes y la protecci\u00f3n a la vegetaci\u00f3n y fauna de este territorio. Este plan parti\u00f3 con las [&hellip;]<\/p>\n","protected":false},"author":1,"featured_media":0,"parent":0,"menu_order":0,"comment_status":"closed","ping_status":"closed","template":"","meta":{"_et_pb_use_builder":"on","_et_pb_old_content":"","_et_gb_content_width":"","footnotes":""},"class_list":["post-100105","page","type-page","status-publish","hentry"],"_links":{"self":[{"href":"https:\/\/acuerdosalarpuntasnegras.cl\/index.php\/wp-json\/wp\/v2\/pages\/100105","targetHints":{"allow":["GET"]}}],"collection":[{"href":"https:\/\/acuerdosalarpuntasnegras.cl\/index.php\/wp-json\/wp\/v2\/pages"}],"about":[{"href":"https:\/\/acuerdosalarpuntasnegras.cl\/index.php\/wp-json\/wp\/v2\/types\/page"}],"author":[{"embeddable":true,"href":"https:\/\/acuerdosalarpuntasnegras.cl\/index.php\/wp-json\/wp\/v2\/users\/1"}],"replies":[{"embeddable":true,"href":"https:\/\/acuerdosalarpuntasnegras.cl\/index.php\/wp-json\/wp\/v2\/comments?post=100105"}],"version-history":[{"count":5,"href":"https:\/\/acuerdosalarpuntasnegras.cl\/index.php\/wp-json\/wp\/v2\/pages\/100105\/revisions"}],"predecessor-version":[{"id":225626,"href":"https:\/\/acuerdosalarpuntasnegras.cl\/index.php\/wp-json\/wp\/v2\/pages\/100105\/revisions\/225626"}],"wp:attachment":[{"href":"https:\/\/acuerdosalarpuntasnegras.cl\/index.php\/wp-json\/wp\/v2\/media?parent=100105"}],"curies":[{"name":"wp","href":"https:\/\/api.w.org\/{rel}","templated":true}]}}