{"id":100090,"date":"2023-11-16T19:58:30","date_gmt":"2023-11-16T22:58:30","guid":{"rendered":"https:\/\/acuerdosalarpuntasnegras.cl\/?page_id=100090"},"modified":"2024-04-01T12:17:17","modified_gmt":"2024-04-01T15:17:17","slug":"comunidad","status":"publish","type":"page","link":"https:\/\/acuerdosalarpuntasnegras.cl\/index.php\/comunidad\/","title":{"rendered":"Comunidad SPN"},"content":{"rendered":"<p>[et_pb_section fb_built=\u00bb1&#8243; _builder_version=\u00bb4.23.1&#8243; _module_preset=\u00bbdefault\u00bb global_colors_info=\u00bb{}\u00bb][et_pb_row column_structure=\u00bb1_2,1_2&#8243; _builder_version=\u00bb4.23.1&#8243; _module_preset=\u00bbdefault\u00bb custom_padding=\u00bb||0px|||\u00bb locked=\u00bboff\u00bb global_colors_info=\u00bb{}\u00bb][et_pb_column type=\u00bb1_2&#8243; _builder_version=\u00bb4.23.1&#8243; _module_preset=\u00bbdefault\u00bb global_colors_info=\u00bb{}\u00bb][et_pb_text _builder_version=\u00bb4.23.1&#8243; _module_preset=\u00bbdefault\u00bb header_font=\u00bb|600|||||||\u00bb header_2_font=\u00bb|700|||||||\u00bb header_2_text_color=\u00bb#c48036&#8243; global_colors_info=\u00bb{}\u00bb]<\/p>\n<h2>Comunidad Atacame\u00f1a de Peine<\/h2>\n<p>[\/et_pb_text][et_pb_text _builder_version=\u00bb4.23.4&#8243; _module_preset=\u00bbdefault\u00bb text_line_height=\u00bb1.8em\u00bb text_orientation=\u00bbjustified\u00bb custom_margin=\u00bb||30px|||\u00bb global_colors_info=\u00bb{}\u00bb]<\/p>\n<p style=\"text-align: justify;\"><span>Peine es una localidad atacame\u00f1a o Lickanantay que se ubica a 103 kil\u00f3metros al suroeste de San Pedro de Atacama, en la regi\u00f3n de Antofagasta. Es la \u00faltima comunidad hacia el Sur del Salar de Atacama y la primera para ingresar a lo que se denomin\u00f3 el \u201cdespoblado de Atacama\u201d, territorio ancestral ocupado continuamente por los primeros habitantes de esta zona, de los que son descendientes los miembros de la Comunidad Ind\u00edgena Atacame\u00f1a de Peine.<\/span><\/p>\n<p>[\/et_pb_text][et_pb_image src=\u00bbhttps:\/\/acuerdosalarpuntasnegras.cl\/wp-content\/uploads\/2024\/01\/SFW_Comunidad-atacamen\u0303a-de-peine-01.jpeg\u00bb title_text=\u00bbSFW_Comunidad-atacamen\u0303a-de-peine-01&#8243; disabled_on=\u00bbon|on|off\u00bb _builder_version=\u00bb4.23.4&#8243; _module_preset=\u00bbdefault\u00bb custom_margin=\u00bb||||false|false\u00bb custom_padding=\u00bb25px||25px|13px|true|false\u00bb global_colors_info=\u00bb{}\u00bb][\/et_pb_image][\/et_pb_column][et_pb_column type=\u00bb1_2&#8243; _builder_version=\u00bb4.23.1&#8243; _module_preset=\u00bbdefault\u00bb global_colors_info=\u00bb{}\u00bb][et_pb_image src=\u00bbhttps:\/\/acuerdosalarpuntasnegras.cl\/wp-content\/uploads\/2024\/04\/salar-fotos-webDemanda-y-reparacion-02.png\u00bb title_text=\u00bbsalar-fotos-webDemanda-y-reparacion-02&#8243; align=\u00bbcenter\u00bb _builder_version=\u00bb4.24.2&#8243; _module_preset=\u00bbdefault\u00bb custom_margin=\u00bb||-38px||false|false\u00bb custom_padding=\u00bb40px||40px||true|false\u00bb hover_enabled=\u00bb0&#8243; global_colors_info=\u00bb{}\u00bb sticky_enabled=\u00bb0&#8243;][\/et_pb_image][et_pb_text _builder_version=\u00bb4.23.4&#8243; _module_preset=\u00bbdefault\u00bb text_line_height=\u00bb1.8em\u00bb text_orientation=\u00bbjustified\u00bb custom_padding=\u00bb14px|||||\u00bb global_colors_info=\u00bb{}\u00bb]<\/p>\n<p style=\"text-align: justify;\"><span>El habitar del pueblo Lickanantay en el desierto de Atacama, as\u00ed como de la comunidad Atacame\u00f1a de Peine, incluye los pisos ecol\u00f3gicos como la puna (la cordillera), la prepuna, oasis piemontanos y valles en torno a r\u00edos, arroyos y vertientes de agua, que son escasos y en los que las entidades sagradas como los Mallku (cerros tutelares sagrados) y vertientes de Agua (Puri) est\u00e1n presentes, ordenando sus l\u00edmites territoriales, definiendo su relaci\u00f3n con el territorio, los que son parte importante del calendario anual agr\u00edcola-ritual, conformando as\u00ed la cosmovisi\u00f3n propia del Pueblo Lickanantay y de la Comunidad Atacame\u00f1a de Peine.<\/span><\/p>\n<p style=\"text-align: justify;\">[\/et_pb_text][\/et_pb_column][\/et_pb_row][et_pb_row _builder_version=\u00bb4.23.1&#8243; _module_preset=\u00bbdefault\u00bb custom_padding=\u00bb5px||||false|false\u00bb border_color_right=\u00bb#c48036&#8243; border_color_left=\u00bb#c48036&#8243; global_colors_info=\u00bb{}\u00bb][et_pb_column type=\u00bb4_4&#8243; _builder_version=\u00bb4.23.1&#8243; _module_preset=\u00bbdefault\u00bb global_colors_info=\u00bb{}\u00bb][et_pb_text _builder_version=\u00bb4.23.4&#8243; _module_preset=\u00bbdefault\u00bb text_line_height=\u00bb1.8em\u00bb text_orientation=\u00bbjustified\u00bb global_colors_info=\u00bb{}\u00bb]<\/p>\n<p style=\"text-align: justify;\"><span>Desde sus inicios, que se remontan a los 10.000 a\u00f1os A.C., la actividad econ\u00f3mica principal fue la agricultura en la producci\u00f3n de ma\u00edz, papa, qu\u00ednoa y la ganader\u00eda de auqu\u00e9nidos como llamas y vicu\u00f1as. Posteriormente, la crianza de reba\u00f1os de ovejas y el cultivo de alfalfa, tanto en la localidad de Peine y Tilomonte, como en sus vegas de pastoreo, emplazadas hacia el sur, como Monturaqui, Llullaillaco y en todo el territorio comunitario, conect\u00e1ndose por una extensa red de caminos troperos, y el camino principal que forma parte del Qapac \u00d1an, patrimonio de la humanidad. <\/span><\/p>\n<p style=\"text-align: justify;\"><span>La Comunidad de Peine se emplaza hacia el norte de la plaza principal. Cruzando las Cochas, se encuentra el antiguo poblado conocido como Peine Viejo, donde se pueden apreciar los vestigios de las antiguas viviendas y la Capilla de las Misiones de Peine, la que fue levantada en el periodo de la Conquista Espa\u00f1ola. Sus murallas tienen caracter\u00edsticas peculiares, puesto que fueron hechas con una t\u00e9cnica propia del mundo incaico basada en ensamblar piedras sin labrar.<\/span><\/p>\n<p><span><\/span><\/p>\n<p>[\/et_pb_text][et_pb_text _builder_version=\u00bb4.23.4&#8243; _module_preset=\u00bbdefault\u00bb header_4_text_align=\u00bbcenter\u00bb header_4_line_height=\u00bb1.8em\u00bb custom_padding=\u00bb|15px||15px|false|true\u00bb border_width_right=\u00bb5px\u00bb border_color_right=\u00bb#c48036&#8243; border_width_left=\u00bb5px\u00bb border_color_left=\u00bb#c48036&#8243; global_colors_info=\u00bb{}\u00bb]<\/p>\n<h4>Este antiguo pueblo, fue declarado Monumento Nacional en 1982, por constituir un testimonio clave en el desarrollo y la evoluci\u00f3n de las comunidades ind\u00edgenas en la regi\u00f3n de Antofagasta y el legado en la cultura Lickanantay.<\/h4>\n<p>[\/et_pb_text][\/et_pb_column][\/et_pb_row][et_pb_row column_structure=\u00bb1_2,1_2&#8243; _builder_version=\u00bb4.23.1&#8243; _module_preset=\u00bbdefault\u00bb custom_padding=\u00bb2px||3px|||\u00bb locked=\u00bboff\u00bb global_colors_info=\u00bb{}\u00bb][et_pb_column type=\u00bb1_2&#8243; _builder_version=\u00bb4.23.1&#8243; _module_preset=\u00bbdefault\u00bb global_colors_info=\u00bb{}\u00bb][et_pb_text _builder_version=\u00bb4.23.4&#8243; _module_preset=\u00bbdefault\u00bb text_line_height=\u00bb1.8em\u00bb text_orientation=\u00bbjustified\u00bb global_colors_info=\u00bb{}\u00bb]<\/p>\n<p style=\"text-align: justify;\"><span>En el pueblo actual, se desarrollan principalmente las actividades econ\u00f3micas como la agricultura y la ganader\u00eda, tambi\u00e9n se pueden encontrar otras actividades ligadas a la prestaci\u00f3n de servicios a la miner\u00eda como alojamiento, alimentaci\u00f3n y el turismo local. <\/span><\/p>\n<p style=\"text-align: justify;\"><span>Destacan como atractivos tur\u00edsticos la iglesia San Roque y su festividad religiosa cada 16 de agosto, la Cocha de Peine con sus piscinas de agua semi termal de gran valor espiritual y curativas, adem\u00e1s de la ruta Cultural y Agr\u00edcola, que permite conocer la historia de Peine Viejo. Tambi\u00e9n se encuentran las Pinturas de Peine,<\/span> <span>de las \u00e9pocas de los 1200 A.C. a 400 A.C. lugar donde se aprecian pinturas a base de tinturas vegetales y minerales macerados con dise\u00f1os que representan figuras humanas, de pastores, cazadores y de cam\u00e9lidos en escenas representativas de rituales que hasta hoy practican los descendientes Peine\u00f1os. <\/span><\/p>\n<p>[\/et_pb_text][\/et_pb_column][et_pb_column type=\u00bb1_2&#8243; _builder_version=\u00bb4.23.1&#8243; _module_preset=\u00bbdefault\u00bb global_colors_info=\u00bb{}\u00bb][et_pb_image src=\u00bbhttps:\/\/acuerdosalarpuntasnegras.cl\/wp-content\/uploads\/2024\/01\/SFW_comunidad-atacamen\u0303a-03.jpeg\u00bb title_text=\u00bbSFW_comunidad-atacamen\u0303a-03&#8243; disabled_on=\u00bbon|on|off\u00bb _builder_version=\u00bb4.23.4&#8243; _module_preset=\u00bbdefault\u00bb global_colors_info=\u00bb{}\u00bb][\/et_pb_image][\/et_pb_column][\/et_pb_row][et_pb_row _builder_version=\u00bb4.23.1&#8243; _module_preset=\u00bbdefault\u00bb custom_padding=\u00bb0px|||||\u00bb global_colors_info=\u00bb{}\u00bb][et_pb_column type=\u00bb4_4&#8243; _builder_version=\u00bb4.23.1&#8243; _module_preset=\u00bbdefault\u00bb global_colors_info=\u00bb{}\u00bb][et_pb_image src=\u00bbhttps:\/\/acuerdosalarpuntasnegras.cl\/wp-content\/uploads\/2024\/01\/SFW_Comunidad-Atacamen\u0303a-de-Peine-03-scaled.jpeg\u00bb title_text=\u00bbSFW_Comunidad-Atacamen\u0303a-de-Peine-03&#8243; align=\u00bbcenter\u00bb _builder_version=\u00bb4.23.4&#8243; _module_preset=\u00bbdefault\u00bb global_colors_info=\u00bb{}\u00bb][\/et_pb_image][\/et_pb_column][\/et_pb_row][\/et_pb_section]<\/p>\n","protected":false},"excerpt":{"rendered":"<p>Comunidad Atacame\u00f1a de PeinePeine es una localidad atacame\u00f1a o Lickanantay que se ubica a 103 kil\u00f3metros al suroeste de San Pedro de Atacama, en la regi\u00f3n de Antofagasta. Es la \u00faltima comunidad hacia el Sur del Salar de Atacama y la primera para ingresar a lo que se denomin\u00f3 el \u201cdespoblado de Atacama\u201d, territorio ancestral [&hellip;]<\/p>\n","protected":false},"author":1,"featured_media":0,"parent":0,"menu_order":0,"comment_status":"closed","ping_status":"closed","template":"","meta":{"_et_pb_use_builder":"on","_et_pb_old_content":"","_et_gb_content_width":"","footnotes":""},"class_list":["post-100090","page","type-page","status-publish","hentry"],"_links":{"self":[{"href":"https:\/\/acuerdosalarpuntasnegras.cl\/index.php\/wp-json\/wp\/v2\/pages\/100090","targetHints":{"allow":["GET"]}}],"collection":[{"href":"https:\/\/acuerdosalarpuntasnegras.cl\/index.php\/wp-json\/wp\/v2\/pages"}],"about":[{"href":"https:\/\/acuerdosalarpuntasnegras.cl\/index.php\/wp-json\/wp\/v2\/types\/page"}],"author":[{"embeddable":true,"href":"https:\/\/acuerdosalarpuntasnegras.cl\/index.php\/wp-json\/wp\/v2\/users\/1"}],"replies":[{"embeddable":true,"href":"https:\/\/acuerdosalarpuntasnegras.cl\/index.php\/wp-json\/wp\/v2\/comments?post=100090"}],"version-history":[{"count":5,"href":"https:\/\/acuerdosalarpuntasnegras.cl\/index.php\/wp-json\/wp\/v2\/pages\/100090\/revisions"}],"predecessor-version":[{"id":225651,"href":"https:\/\/acuerdosalarpuntasnegras.cl\/index.php\/wp-json\/wp\/v2\/pages\/100090\/revisions\/225651"}],"wp:attachment":[{"href":"https:\/\/acuerdosalarpuntasnegras.cl\/index.php\/wp-json\/wp\/v2\/media?parent=100090"}],"curies":[{"name":"wp","href":"https:\/\/api.w.org\/{rel}","templated":true}]}}