{"id":100086,"date":"2023-11-16T19:46:31","date_gmt":"2023-11-16T22:46:31","guid":{"rendered":"https:\/\/acuerdosalarpuntasnegras.cl\/?page_id=100086"},"modified":"2025-11-27T15:41:20","modified_gmt":"2025-11-27T19:41:20","slug":"mesa-de-gobernanza","status":"publish","type":"page","link":"https:\/\/acuerdosalarpuntasnegras.cl\/index.php\/mesa-de-gobernanza\/","title":{"rendered":"Mesas t\u00e9cnicas y de Gobernanza"},"content":{"rendered":"<p>[et_pb_section fb_built=\u00bb1&#8243; _builder_version=\u00bb4.23.1&#8243; _module_preset=\u00bbdefault\u00bb global_colors_info=\u00bb{}\u00bb][et_pb_row column_structure=\u00bb1_2,1_2&#8243; make_equal=\u00bbon\u00bb _builder_version=\u00bb4.23.1&#8243; _module_preset=\u00bbdefault\u00bb custom_margin=\u00bb|auto|26px|auto||\u00bb custom_padding=\u00bb||3px|||\u00bb global_colors_info=\u00bb{}\u00bb][et_pb_column type=\u00bb1_2&#8243; _builder_version=\u00bb4.23.1&#8243; _module_preset=\u00bbdefault\u00bb global_colors_info=\u00bb{}\u00bb][et_pb_text _builder_version=\u00bb4.23.4&#8243; _module_preset=\u00bbdefault\u00bb header_font=\u00bb|600|||||||\u00bb header_2_font=\u00bb|700|||||||\u00bb header_2_text_color=\u00bb#816255&#8243; global_colors_info=\u00bb{}\u00bb]<\/p>\n<h2>Mesa de Gobernanza Socioambiental (MGSA)<\/h2>\n<p>[\/et_pb_text][et_pb_text _builder_version=\u00bb4.23.4&#8243; _module_preset=\u00bbdefault\u00bb text_line_height=\u00bb1.8em\u00bb text_orientation=\u00bbjustified\u00bb custom_margin=\u00bb23px||-44px|||\u00bb custom_margin_tablet=\u00bb||-20px||false|false\u00bb custom_margin_phone=\u00bb||-20px||false|false\u00bb custom_margin_last_edited=\u00bbon|phone\u00bb global_colors_info=\u00bb{}\u00bb]<\/p>\n<p style=\"text-align: justify;\">La Mesa de Gobernanza Socioambiental (MGSA) de la Subsubcuenca del Salar de Puntas Negras (SSC \u2013 SPN) tiene como objetivo facilitar el dise\u00f1o, la co-construcci\u00f3n y la ejecuci\u00f3n de las Medidas de manera participativa, coordinada y en igualdad de condiciones entre las partes, en favor de la restauraci\u00f3n, reparaci\u00f3n y compensaci\u00f3n socioambiental del territorio mencionado.<\/p>\n<p style=\"text-align: justify;\">La Mesa se enfoca en el dise\u00f1o y forma de ejecuci\u00f3n de las Medidas, como tambi\u00e9n vela porque las acciones del Acuerdo cumplan con los objetivos definidos. En este marco estructural, define los T\u00e9rminos de Referencia de las 19 medidas y decide cu\u00e1les son las entidades ejecutoras expertas que ejecutar\u00e1n cada una de ellas.<\/p>\n<p style=\"text-align: justify;\">La MGSA realizar\u00e1 la supervigilancia de la implementaci\u00f3n, monitoreo y cumplimiento del Plan de Manejo Ambiental de Reparaci\u00f3n y Compensaci\u00f3n establecidos en el Acuerdo, con la atribuci\u00f3n de solicitar la intervenci\u00f3n de los servicios competentes si as\u00ed lo requiere.<\/p>\n<p>[\/et_pb_text][\/et_pb_column][et_pb_column type=\u00bb1_2&#8243; _builder_version=\u00bb4.23.1&#8243; _module_preset=\u00bbdefault\u00bb global_colors_info=\u00bb{}\u00bb][et_pb_image src=\u00bbhttps:\/\/acuerdosalarpuntasnegras.cl\/wp-content\/uploads\/2024\/01\/SFW_amandaamanda-de-taman\u0303o-grande.jpeg\u00bb title_text=\u00bbSFW_amandaamanda de taman\u0303o grande\u00bb _builder_version=\u00bb4.23.4&#8243; _module_preset=\u00bbdefault\u00bb min_height=\u00bb302.5px\u00bb custom_margin=\u00bb||-60px||false|false\u00bb custom_padding=\u00bb50px||40px||false|false\u00bb global_colors_info=\u00bb{}\u00bb][\/et_pb_image][et_pb_text _builder_version=\u00bb4.23.4&#8243; _module_preset=\u00bbdefault\u00bb custom_padding=\u00bb23px|||||\u00bb global_colors_info=\u00bb{}\u00bb]<\/p>\n<p style=\"text-align: center;\"><span style=\"font-size: small;\">Amanda Barrera Conzue, Secretaria Ejecutiva de la Mesa de Gobernanza Socioambiental.<\/span><\/p>\n<p>[\/et_pb_text][\/et_pb_column][\/et_pb_row][et_pb_row column_structure=\u00bb1_2,1_2&#8243; _builder_version=\u00bb4.23.1&#8243; _module_preset=\u00bbdefault\u00bb custom_padding=\u00bb0px|||||\u00bb global_colors_info=\u00bb{}\u00bb][et_pb_column type=\u00bb1_2&#8243; _builder_version=\u00bb4.23.1&#8243; _module_preset=\u00bbdefault\u00bb global_colors_info=\u00bb{}\u00bb][et_pb_image src=\u00bbhttps:\/\/acuerdosalarpuntasnegras.cl\/wp-content\/uploads\/2024\/01\/SFW_Mesa-Te\u0301cnica.jpeg\u00bb title_text=\u00bbSFW_Mesa-Te\u0301cnica\u00bb _builder_version=\u00bb4.23.4&#8243; _module_preset=\u00bbdefault\u00bb custom_padding=\u00bb30px||||false|false\u00bb global_colors_info=\u00bb{}\u00bb][\/et_pb_image][\/et_pb_column][et_pb_column type=\u00bb1_2&#8243; _builder_version=\u00bb4.23.1&#8243; _module_preset=\u00bbdefault\u00bb global_colors_info=\u00bb{}\u00bb][et_pb_text _builder_version=\u00bb4.23.4&#8243; _module_preset=\u00bbdefault\u00bb text_line_height=\u00bb1.8em\u00bb text_orientation=\u00bbjustified\u00bb custom_margin=\u00bb25px|||||\u00bb global_colors_info=\u00bb{}\u00bb]<\/p>\n<p style=\"text-align: justify;\"><strong>Mesa T\u00e9cnica<\/strong><\/p>\n<p style=\"text-align: justify;\">La Mesa T\u00e9cnica es un organismo t\u00e9cnico consultivo, que colabora con la\u00a0Mesa\u00a0de Gobernanza Socioambiental asesorando t\u00e9cnicamente la implementaci\u00f3n y desarrollo de las medidas del acuerdo durante su ejecuci\u00f3n.<\/p>\n<p style=\"text-align: justify;\">Principales objetivos:<\/p>\n<p style=\"text-align: justify;\">1.- Potenciar las relaciones de los equipos t\u00e9cnicos de los miembros de la MGSA, a trav\u00e9s de un espacio formal y sistem\u00e1tico de gesti\u00f3n, basado en la confianza y el di\u00e1logo, que permita tratar temas que requieran la validaci\u00f3n t\u00e9cnica, sin dejar excluida ninguna especialidad t\u00e9cnica y cient\u00edfica que requiera la naturaleza de las medidas del acuerdo.<\/p>\n<p style=\"text-align: justify;\">2.- Facilitar la resoluci\u00f3n de temas que encargue la MG, con la participaci\u00f3n de los distintos miembros y canalizar problem\u00e1ticas que impliquen gestiones de la MG, para su soluci\u00f3n.<\/p>\n<p>[\/et_pb_text][\/et_pb_column][\/et_pb_row][et_pb_row _builder_version=\u00bb4.23.1&#8243; _module_preset=\u00bbdefault\u00bb global_colors_info=\u00bb{}\u00bb][et_pb_column type=\u00bb4_4&#8243; _builder_version=\u00bb4.23.1&#8243; _module_preset=\u00bbdefault\u00bb global_colors_info=\u00bb{}\u00bb][et_pb_text _builder_version=\u00bb4.24.2&#8243; _module_preset=\u00bbdefault\u00bb header_font=\u00bb|600|||||||\u00bb header_2_font=\u00bb|700|||||||\u00bb header_2_text_color=\u00bb#816255&#8243; locked=\u00bboff\u00bb global_colors_info=\u00bb{}\u00bb]<\/p>\n<h2>Integrantes de la Mesa de Gobernanza Socioambiental<\/h2>\n<p>[\/et_pb_text][\/et_pb_column][\/et_pb_row][et_pb_row make_equal=\u00bbon\u00bb disabled_on=\u00bboff|off|off\u00bb _builder_version=\u00bb4.24.2&#8243; _module_preset=\u00bbdefault\u00bb custom_margin=\u00bb||||false|false\u00bb custom_padding=\u00bb||||false|false\u00bb global_colors_info=\u00bb{}\u00bb][et_pb_column type=\u00bb4_4&#8243; module_class=\u00bbtestimonios\u00bb _builder_version=\u00bb4.24.2&#8243; _module_preset=\u00bbdefault\u00bb global_colors_info=\u00bb{}\u00bb][et_pb_blurb title=\u00bbNicol\u00e1s Escobar\u00bb image=\u00bbhttps:\/\/acuerdosalarpuntasnegras.cl\/wp-content\/uploads\/2024\/08\/agosto-spn_0004_pablo.png\u00bb image_icon_width=\u00bb150px\u00bb admin_label=\u00bbNicol\u00e1s Escobar\u00bb _builder_version=\u00bb4.27.0&#8243; _module_preset=\u00bbdefault\u00bb header_font=\u00bb|700|||||||\u00bb header_text_align=\u00bbcenter\u00bb header_text_color=\u00bb#816255&#8243; body_text_align=\u00bbcenter\u00bb body_text_color=\u00bb#816255&#8243; body_line_height=\u00bb1.2em\u00bb image_icon_custom_margin=\u00bb||-22px||false|false\u00bb image_icon_custom_padding=\u00bb||||false|false\u00bb hover_enabled=\u00bb0&#8243; global_colors_info=\u00bb{}\u00bb sticky_enabled=\u00bb0&#8243;]<\/p>\n<p>Representante Consejo de Defensa del Estado<\/p>\n<p>[\/et_pb_blurb][et_pb_blurb title=\u00bbSergio Chamorro\u00bb image=\u00bbhttps:\/\/acuerdosalarpuntasnegras.cl\/wp-content\/uploads\/2024\/08\/agosto-spn_0002_sergio-chamorro.png\u00bb image_icon_width=\u00bb150px\u00bb admin_label=\u00bbSergio Chamorro\u00bb _builder_version=\u00bb4.27.0&#8243; _module_preset=\u00bbdefault\u00bb header_font=\u00bb|700|||||||\u00bb header_text_align=\u00bbcenter\u00bb header_text_color=\u00bb#816255&#8243; body_text_align=\u00bbcenter\u00bb body_text_color=\u00bb#816255&#8243; body_line_height=\u00bb1.2em\u00bb image_icon_custom_margin=\u00bb||-22px||false|false\u00bb custom_margin=\u00bb|-12px||||\u00bb global_colors_info=\u00bb{}\u00bb]<\/p>\n<p>Representante Consejo de Pueblos Atacame\u00f1os<\/p>\n<p>[\/et_pb_blurb][et_pb_blurb title=\u00bbSergio Cubillos\u00bb image=\u00bbhttps:\/\/acuerdosalarpuntasnegras.cl\/wp-content\/uploads\/2025\/11\/sergio-cubillos-foto-perfil-pagina.jpg\u00bb image_icon_width=\u00bb150px\u00bb admin_label=\u00bbSergio Cubillos\u00bb _builder_version=\u00bb4.27.4&#8243; _module_preset=\u00bbdefault\u00bb header_font=\u00bb|700|||||||\u00bb header_text_align=\u00bbcenter\u00bb header_text_color=\u00bb#816255&#8243; body_text_align=\u00bbcenter\u00bb body_text_color=\u00bb#816255&#8243; body_line_height=\u00bb1.2em\u00bb image_icon_custom_margin=\u00bb||-22px||false|false\u00bb hover_enabled=\u00bb0&#8243; global_colors_info=\u00bb{}\u00bb title_text=\u00bbsergio cubillos foto perfil pagina\u00bb sticky_enabled=\u00bb0&#8243;]<\/p>\n<p>Representante Comunidad Atacame\u00f1a de Peine<\/p>\n<p>[\/et_pb_blurb][et_pb_blurb title=\u00bbDayana Barreda\u00bb image=\u00bbhttps:\/\/acuerdosalarpuntasnegras.cl\/wp-content\/uploads\/2025\/11\/dayane.jpg\u00bb image_icon_width=\u00bb150px\u00bb admin_label=\u00bbSergio Cubillos\u00bb _builder_version=\u00bb4.27.4&#8243; _module_preset=\u00bbdefault\u00bb header_font=\u00bb|700|||||||\u00bb header_text_align=\u00bbcenter\u00bb header_text_color=\u00bb#816255&#8243; body_text_align=\u00bbcenter\u00bb body_text_color=\u00bb#816255&#8243; body_line_height=\u00bb1.2em\u00bb image_icon_custom_margin=\u00bb||-22px||false|false\u00bb hover_enabled=\u00bb0&#8243; global_colors_info=\u00bb{}\u00bb title_text=\u00bbdayane\u00bb sticky_enabled=\u00bb0&#8243;]<\/p>\n<p>Representante Comunidad Atacame\u00f1a de Peine<\/p>\n<p>[\/et_pb_blurb][et_pb_blurb title=\u00bbMarcia Faermann\u00bb image=\u00bbhttps:\/\/acuerdosalarpuntasnegras.cl\/wp-content\/uploads\/2024\/08\/agosto-spn_0003_marcia.png\u00bb image_icon_width=\u00bb150px\u00bb admin_label=\u00bbMarcia Faermann\u00bb _builder_version=\u00bb4.27.0&#8243; _module_preset=\u00bbdefault\u00bb header_font=\u00bb|700|||||||\u00bb header_text_align=\u00bbcenter\u00bb header_text_color=\u00bb#816255&#8243; body_text_align=\u00bbcenter\u00bb body_text_color=\u00bb#816255&#8243; body_line_height=\u00bb1.2em\u00bb image_icon_custom_margin=\u00bb||-22px||false|false\u00bb global_colors_info=\u00bb{}\u00bb]<\/p>\n<p>Representante Minera Escondida<\/p>\n<p>[\/et_pb_blurb][\/et_pb_column][\/et_pb_row][et_pb_row _builder_version=\u00bb4.27.0&#8243; _module_preset=\u00bbdefault\u00bb global_colors_info=\u00bb{}\u00bb][et_pb_column type=\u00bb4_4&#8243; _builder_version=\u00bb4.27.0&#8243; _module_preset=\u00bbdefault\u00bb global_colors_info=\u00bb{}\u00bb][et_pb_code _builder_version=\u00bb4.27.0&#8243; _module_preset=\u00bbdefault\u00bb global_colors_info=\u00bb{}\u00bb]<script><!-- [et_pb_line_break_holder] -->jQuery(function($){<!-- [et_pb_line_break_holder] -->$('.testimonios').slick({<!-- [et_pb_line_break_holder] -->  infinite: true,<!-- [et_pb_line_break_holder] -->  arrows: true,<!-- [et_pb_line_break_holder] -->  dots: false,<!-- [et_pb_line_break_holder] -->  slidesToShow: 3,<!-- [et_pb_line_break_holder] -->  slidesToScroll: 1,<!-- [et_pb_line_break_holder] -->  pauseOnHover: true,<!-- [et_pb_line_break_holder] -->  responsive: [<!-- [et_pb_line_break_holder] -->    {<!-- [et_pb_line_break_holder] -->      breakpoint: 980,<!-- [et_pb_line_break_holder] -->      settings: {<!-- [et_pb_line_break_holder] -->        slidesToShow: 2,<!-- [et_pb_line_break_holder] -->        slidesToScroll: 1<!-- [et_pb_line_break_holder] -->      }<!-- [et_pb_line_break_holder] -->    },<!-- [et_pb_line_break_holder] -->    {<!-- [et_pb_line_break_holder] -->      breakpoint: 767,<!-- [et_pb_line_break_holder] -->      settings: {<!-- [et_pb_line_break_holder] -->        slidesToShow: 1,<!-- [et_pb_line_break_holder] -->        slidesToScroll: 1<!-- [et_pb_line_break_holder] -->      }<!-- [et_pb_line_break_holder] -->    }<!-- [et_pb_line_break_holder] -->  ]<!-- [et_pb_line_break_holder] -->  });<!-- [et_pb_line_break_holder] -->});<!-- [et_pb_line_break_holder] --><\/script>[\/et_pb_code][\/et_pb_column][\/et_pb_row][\/et_pb_section]<\/p>\n","protected":false},"excerpt":{"rendered":"<p>Mesa de Gobernanza Socioambiental (MGSA)La Mesa de Gobernanza Socioambiental (MGSA) de la Subsubcuenca del Salar de Puntas Negras (SSC \u2013 SPN) tiene como objetivo facilitar el dise\u00f1o, la co-construcci\u00f3n y la ejecuci\u00f3n de las Medidas de manera participativa, coordinada y en igualdad de condiciones entre las partes, en favor de la restauraci\u00f3n, reparaci\u00f3n y compensaci\u00f3n [&hellip;]<\/p>\n","protected":false},"author":1,"featured_media":0,"parent":0,"menu_order":0,"comment_status":"closed","ping_status":"closed","template":"","meta":{"_et_pb_use_builder":"on","_et_pb_old_content":"","_et_gb_content_width":"","footnotes":""},"class_list":["post-100086","page","type-page","status-publish","hentry"],"_links":{"self":[{"href":"https:\/\/acuerdosalarpuntasnegras.cl\/index.php\/wp-json\/wp\/v2\/pages\/100086","targetHints":{"allow":["GET"]}}],"collection":[{"href":"https:\/\/acuerdosalarpuntasnegras.cl\/index.php\/wp-json\/wp\/v2\/pages"}],"about":[{"href":"https:\/\/acuerdosalarpuntasnegras.cl\/index.php\/wp-json\/wp\/v2\/types\/page"}],"author":[{"embeddable":true,"href":"https:\/\/acuerdosalarpuntasnegras.cl\/index.php\/wp-json\/wp\/v2\/users\/1"}],"replies":[{"embeddable":true,"href":"https:\/\/acuerdosalarpuntasnegras.cl\/index.php\/wp-json\/wp\/v2\/comments?post=100086"}],"version-history":[{"count":5,"href":"https:\/\/acuerdosalarpuntasnegras.cl\/index.php\/wp-json\/wp\/v2\/pages\/100086\/revisions"}],"predecessor-version":[{"id":226441,"href":"https:\/\/acuerdosalarpuntasnegras.cl\/index.php\/wp-json\/wp\/v2\/pages\/100086\/revisions\/226441"}],"wp:attachment":[{"href":"https:\/\/acuerdosalarpuntasnegras.cl\/index.php\/wp-json\/wp\/v2\/media?parent=100086"}],"curies":[{"name":"wp","href":"https:\/\/api.w.org\/{rel}","templated":true}]}}